{"id":60,"date":"2023-09-16T17:06:55","date_gmt":"2023-09-16T17:06:55","guid":{"rendered":"https:\/\/themexriver.com\/wp\/trakirna-wp\/?page_id=60"},"modified":"2024-11-08T01:16:00","modified_gmt":"2024-11-08T01:16:00","slug":"emplois","status":"publish","type":"page","link":"https:\/\/idslivraisonexpress.com\/en\/emplois\/","title":{"rendered":"Employment"},"content":{"rendered":"<div data-elementor-type=\"wp-page\" data-elementor-id=\"60\" class=\"elementor elementor-60\" data-elementor-post-type=\"page\">\n\t\t\t\t\t\t<section class=\"elementor-section elementor-top-section elementor-element elementor-element-884a2c3 elementor-section-boxed elementor-section-height-default elementor-section-height-default\" data-id=\"884a2c3\" data-element_type=\"section\">\n\t\t\t\t\t\t<div class=\"elementor-container elementor-column-gap-default\">\n\t\t\t\t\t<div class=\"elementor-column elementor-col-100 elementor-top-column elementor-element elementor-element-c7d70fa\" data-id=\"c7d70fa\" data-element_type=\"column\">\n\t\t\t<div class=\"elementor-widget-wrap elementor-element-populated\">\n\t\t\t\t\t\t<div class=\"elementor-element elementor-element-98b3a40 elementor-widget elementor-widget-section_heading elh-el section_heading\" data-id=\"98b3a40\" data-element_type=\"widget\" data-settings=\"{&quot;design_style&quot;:&quot;style_1&quot;}\" data-widget_type=\"section_heading.default\">\n\t\t\t\t<div class=\"elementor-widget-container\">\n\t\t\t<div class=\"sec-title tx-sectionHeading\">\r\n    <div class=\"tx-suibTitle-wrapper\">\r\n                        <div class=\"sec-title_title home-5-subtitle  tx-subTitle tx-split-text split-in-left\">\r\n            POSITIONS AVAILABLE        <\/div>\r\n            <\/div>\r\n    <h2 class=\"sec-title_heading home-5-title tx-title tx-split-text split-in-left\">Your career starts here<\/h2>\r\n    <\/div>\t\t<\/div>\n\t\t\t\t<\/div>\n\t\t\t\t\t<\/div>\n\t\t<\/div>\n\t\t\t\t\t<\/div>\n\t\t<\/section>\n\t\t\t\t<section class=\"elementor-section elementor-top-section elementor-element elementor-element-f4aa5ba elementor-section-boxed elementor-section-height-default elementor-section-height-default\" data-id=\"f4aa5ba\" data-element_type=\"section\">\n\t\t\t\t\t\t<div class=\"elementor-container elementor-column-gap-custom\">\n\t\t\t\t\t<div class=\"elementor-column elementor-col-33 elementor-top-column elementor-element elementor-element-990f45e\" data-id=\"990f45e\" data-element_type=\"column\">\n\t\t\t<div class=\"elementor-widget-wrap\">\n\t\t\t\t\t\t\t<\/div>\n\t\t<\/div>\n\t\t\t\t<div class=\"elementor-column elementor-col-33 elementor-top-column elementor-element elementor-element-bc77b23\" data-id=\"bc77b23\" data-element_type=\"column\">\n\t\t\t<div class=\"elementor-widget-wrap elementor-element-populated\">\n\t\t\t\t\t\t<div class=\"elementor-element elementor-element-30f1b36 elementor-widget elementor-widget-job_position elh-el job_position\" data-id=\"30f1b36\" data-element_type=\"widget\" data-settings=\"{&quot;design_style&quot;:&quot;style_1&quot;}\" data-widget_type=\"job_position.default\">\n\t\t\t\t<div class=\"elementor-widget-container\">\n\t\t\t<div class=\"career-block_one-inner\">\r\n    <div class=\"d-flex justify-content-between align-items-center flex-wrap\">\r\n                <div class=\"career-block_one-logo\">\r\n            <a href=\"https:\/\/idslivraisonexpress.com\/en\/postuler\/\">\r\n                                    <img decoding=\"async\" data-src=\"https:\/\/idslivraisonexpress.com\/wp-content\/uploads\/2024\/11\/emploi.jpg\" alt=\"\" src=\"data:image\/gif;base64,R0lGODlhAQABAAAAACH5BAEKAAEALAAAAAABAAEAAAICTAEAOw==\" class=\"lazyload\" style=\"--smush-placeholder-width: 75px; --smush-placeholder-aspect-ratio: 75\/75;\" \/><noscript><img decoding=\"async\" src=\"https:\/\/idslivraisonexpress.com\/wp-content\/uploads\/2024\/11\/emploi.jpg\" alt=\"\" \/><\/noscript>\r\n                            <\/a>\r\n        <\/div>\r\n        \r\n                <div class=\"career-block_one-time\">Part time | Full time<\/div>\r\n            <\/div>\r\n\r\n        <h3 class=\"career-block_one-heading\">Delivery Driver for Medical Prescription Delivery<\/h3>\r\n    \r\n    <ul class=\"career-block_one-meta list-unstyled\">\r\n                <li><span class=\"icon\">\r\n            <i aria-hidden=\"true\" class=\"fas fa-map-marker-alt\"><\/i><\/span>\r\n            Montreal, Laval, South Shore<\/li>\r\n        \r\n                <li><span class=\"icon\">\r\n            <i aria-hidden=\"true\" class=\"far fa-calendar-alt\"><\/i><\/span>\r\n            November 15, 2024<\/li>\r\n            <\/ul>\r\n\r\n        <div class=\"career-block_one-text\">We are looking for responsible and punctual delivery drivers to ensure the delivery of medications and medical prescriptions to our customers. As a delivery driver, you will play a vital role in our mission to provide quality healthcare services by ensuring that prescribed medications are delivered quickly, securely and confidentially.<\/div>\r\n    \r\n    <div class=\"d-flex justify-content-between align-items-center flex-wrap\">\r\n                <a href=\"https:\/\/idslivraisonexpress.com\/en\/postuler\/\" class=\"theme-btn btn-style-four\">\r\n            <span class=\"btn-wrap\">\r\n                <span class=\"text-one\">apply now<\/span>\r\n                <span class=\"text-two\">apply now<\/span>\r\n            <\/span>\r\n            <i aria-hidden=\"true\" class=\"fas fa-arrow-right\"><\/i>        <\/a>\r\n        \r\n            <\/div>\r\n<\/div>\t\t<\/div>\n\t\t\t\t<\/div>\n\t\t\t\t\t<\/div>\n\t\t<\/div>\n\t\t\t\t<div class=\"elementor-column elementor-col-33 elementor-top-column elementor-element elementor-element-5dadf2c\" data-id=\"5dadf2c\" data-element_type=\"column\">\n\t\t\t<div class=\"elementor-widget-wrap\">\n\t\t\t\t\t\t\t<\/div>\n\t\t<\/div>\n\t\t\t\t\t<\/div>\n\t\t<\/section>\n\t\t\t\t<\/div>","protected":false},"excerpt":{"rendered":"<p>POSTES DISPONIBLES Votre carri\u00e8re commence ici Temps partiel | Temps plein Chauffeur-Livreur pour Livraison d&rsquo;Ordonnances M\u00e9dicales Montr\u00e9al, Laval, Rive-Sud 15 Novembre 2024 Nous recherchons des chauffeurs-livreurs responsables et ponctuels pour assurer la livraison de m\u00e9dicaments et d&rsquo;ordonnances m\u00e9dicales aupr\u00e8s de nos clients. En tant que chauffeur-livreur, vous jouerez un r\u00f4le essentiel dans notre mission de [&hellip;]<\/p>","protected":false},"author":1,"featured_media":0,"parent":0,"menu_order":0,"comment_status":"closed","ping_status":"closed","template":"elementor_header_footer","meta":{"footnotes":""},"class_list":["post-60","page","type-page","status-publish","hentry"],"_links":{"self":[{"href":"https:\/\/idslivraisonexpress.com\/en\/wp-json\/wp\/v2\/pages\/60"}],"collection":[{"href":"https:\/\/idslivraisonexpress.com\/en\/wp-json\/wp\/v2\/pages"}],"about":[{"href":"https:\/\/idslivraisonexpress.com\/en\/wp-json\/wp\/v2\/types\/page"}],"author":[{"embeddable":true,"href":"https:\/\/idslivraisonexpress.com\/en\/wp-json\/wp\/v2\/users\/1"}],"replies":[{"embeddable":true,"href":"https:\/\/idslivraisonexpress.com\/en\/wp-json\/wp\/v2\/comments?post=60"}],"version-history":[{"count":0,"href":"https:\/\/idslivraisonexpress.com\/en\/wp-json\/wp\/v2\/pages\/60\/revisions"}],"wp:attachment":[{"href":"https:\/\/idslivraisonexpress.com\/en\/wp-json\/wp\/v2\/media?parent=60"}],"curies":[{"name":"wp","href":"https:\/\/api.w.org\/{rel}","templated":true}]}}