{"id":3190,"date":"2024-11-08T21:57:08","date_gmt":"2024-11-08T21:57:08","guid":{"rendered":"https:\/\/idslivraisonexpress.com\/?page_id=3190"},"modified":"2024-11-08T22:55:56","modified_gmt":"2024-11-08T22:55:56","slug":"a-propos","status":"publish","type":"page","link":"https:\/\/idslivraisonexpress.com\/fr\/a-propos\/","title":{"rendered":"\u00c0 PROPOS"},"content":{"rendered":"\t\t<div data-elementor-type=\"wp-page\" data-elementor-id=\"3190\" class=\"elementor elementor-3190\" data-elementor-post-type=\"page\">\n\t\t\t\t\t\t<section class=\"elementor-section elementor-top-section elementor-element elementor-element-15cc426c elementor-section-full_width elementor-section-height-default elementor-section-height-default\" data-id=\"15cc426c\" data-element_type=\"section\" id=\"about\">\n\t\t\t\t\t\t<div class=\"elementor-container elementor-column-gap-default\">\n\t\t\t\t\t<div class=\"elementor-column elementor-col-100 elementor-top-column elementor-element elementor-element-7d81038d\" data-id=\"7d81038d\" data-element_type=\"column\">\n\t\t\t<div class=\"elementor-widget-wrap elementor-element-populated\">\n\t\t\t\t\t\t<section class=\"elementor-section elementor-inner-section elementor-element elementor-element-31ec573f elementor-section-full_width elementor-section-height-default elementor-section-height-default\" data-id=\"31ec573f\" data-element_type=\"section\">\n\t\t\t\t\t\t<div class=\"elementor-container elementor-column-gap-default\">\n\t\t\t\t\t<div class=\"elementor-column elementor-col-100 elementor-inner-column elementor-element elementor-element-4614dd8c\" data-id=\"4614dd8c\" data-element_type=\"column\">\n\t\t\t<div class=\"elementor-widget-wrap elementor-element-populated\">\n\t\t\t\t\t\t<section class=\"elementor-section elementor-inner-section elementor-element elementor-element-413b22b4 elementor-section-boxed elementor-section-height-default elementor-section-height-default\" data-id=\"413b22b4\" data-element_type=\"section\">\n\t\t\t\t\t\t<div class=\"elementor-container elementor-column-gap-default\">\n\t\t\t\t\t<div class=\"elementor-column elementor-col-50 elementor-inner-column elementor-element elementor-element-5aab1fb0\" data-id=\"5aab1fb0\" data-element_type=\"column\">\n\t\t\t<div class=\"elementor-widget-wrap elementor-element-populated\">\n\t\t\t\t\t\t<div class=\"elementor-element elementor-element-56d21747 elementor-widget elementor-widget-image\" data-id=\"56d21747\" data-element_type=\"widget\" data-widget_type=\"image.default\">\n\t\t\t\t<div class=\"elementor-widget-container\">\n\t\t\t\t\t\t\t\t\t\t\t\t\t<img fetchpriority=\"high\" decoding=\"async\" width=\"640\" height=\"480\" src=\"https:\/\/idslivraisonexpress.com\/wp-content\/uploads\/2024\/11\/Untitled-design-1024x768.png\" class=\"attachment-large size-large wp-image-3245\" alt=\"\" srcset=\"https:\/\/idslivraisonexpress.com\/wp-content\/uploads\/2024\/11\/Untitled-design-1024x768.png 1024w, https:\/\/idslivraisonexpress.com\/wp-content\/uploads\/2024\/11\/Untitled-design-300x225.png 300w, https:\/\/idslivraisonexpress.com\/wp-content\/uploads\/2024\/11\/Untitled-design-768x576.png 768w, https:\/\/idslivraisonexpress.com\/wp-content\/uploads\/2024\/11\/Untitled-design-1536x1152.png 1536w, https:\/\/idslivraisonexpress.com\/wp-content\/uploads\/2024\/11\/Untitled-design-16x12.png 16w, https:\/\/idslivraisonexpress.com\/wp-content\/uploads\/2024\/11\/Untitled-design.png 1700w\" sizes=\"(max-width: 640px) 100vw, 640px\" \/>\t\t\t\t\t\t\t\t\t\t\t\t\t<\/div>\n\t\t\t\t<\/div>\n\t\t\t\t\t<\/div>\n\t\t<\/div>\n\t\t\t\t<div class=\"elementor-column elementor-col-50 elementor-inner-column elementor-element elementor-element-7d9474bb\" data-id=\"7d9474bb\" data-element_type=\"column\">\n\t\t\t<div class=\"elementor-widget-wrap elementor-element-populated\">\n\t\t\t\t\t\t<section class=\"elementor-section elementor-inner-section elementor-element elementor-element-bb94e1d elementor-section-boxed elementor-section-height-default elementor-section-height-default\" data-id=\"bb94e1d\" data-element_type=\"section\">\n\t\t\t\t\t\t<div class=\"elementor-container elementor-column-gap-default\">\n\t\t\t\t\t<div class=\"elementor-column elementor-col-100 elementor-inner-column elementor-element elementor-element-ea1e047\" data-id=\"ea1e047\" data-element_type=\"column\">\n\t\t\t<div class=\"elementor-widget-wrap elementor-element-populated\">\n\t\t\t\t\t\t<div class=\"elementor-element elementor-element-65888716 elementor-widget elementor-widget-section_heading elh-el section_heading\" data-id=\"65888716\" data-element_type=\"widget\" data-settings=\"{&quot;design_style&quot;:&quot;style_1&quot;}\" data-widget_type=\"section_heading.default\">\n\t\t\t\t<div class=\"elementor-widget-container\">\n\t\t\t<div class=\"sec-title tx-sectionHeading \">\r\n    <div class=\"tx-suibTitle-wrapper\">\r\n                        <div class=\"sec-title_title home-5-subtitle  tx-subTitle tx-split-text split-in-right\">\r\n            \u00c0 Propos de Nous\n\n        <\/div>\r\n            <\/div>\r\n    <h2 class=\"sec-title_heading home-5-title tx-title tx-split-text split-in-right\">Service de livraison rapide de confiance pour les prescriptions m\u00e9dicales \u00e0 Montr\u00e9al et dans les environs\n<\/h2>\r\n        <p class=\"sec-title_text\">\r\n        Bienvenue chez IDS Livraison Express, le service de livraison rapide de confiance pour les prescriptions m\u00e9dicales \u00e0 Montr\u00e9al et dans les environs. Avec plus de 15 ans d'exp\u00e9rience, nous sommes sp\u00e9cialis\u00e9s dans la livraison rapide, s\u00e9curis\u00e9e et confidentielle de m\u00e9dicaments.<br><br>\n\nChez IDS Livraison Express, nous comprenons l'importance d'un acc\u00e8s rapide aux m\u00e9dicaments. C'est pourquoi nous nous engageons \u00e0 offrir un service de livraison fiable qui vous permet de recevoir vos prescriptions en temps voulu, directement \u00e0 votre porte.<br><br>\n\nNotre mission est simple : faciliter votre quotidien en vous offrant un service de livraison sur lequel vous pouvez compter, que ce soit pour des ordonnances r\u00e9guli\u00e8res ou des m\u00e9dicaments urgents. Nous sommes fiers de notre r\u00e9putation de professionnalisme, de discr\u00e9tion et d\u2019attention aux besoins de nos clients.\n\n    <\/p>\r\n    <\/div>\t\t<\/div>\n\t\t\t\t<\/div>\n\t\t\t\t\t<\/div>\n\t\t<\/div>\n\t\t\t\t\t<\/div>\n\t\t<\/section>\n\t\t\t\t<section class=\"elementor-section elementor-inner-section elementor-element elementor-element-67d0a7f1 elementor-section-content-middle elementor-section-boxed elementor-section-height-default elementor-section-height-default\" data-id=\"67d0a7f1\" data-element_type=\"section\">\n\t\t\t\t\t\t<div class=\"elementor-container elementor-column-gap-default\">\n\t\t\t\t\t<div class=\"elementor-column elementor-col-50 elementor-inner-column elementor-element elementor-element-7982dad0\" data-id=\"7982dad0\" data-element_type=\"column\">\n\t\t\t<div class=\"elementor-widget-wrap elementor-element-populated\">\n\t\t\t\t\t\t<div class=\"elementor-element elementor-element-636c1e6c elementor-widget elementor-widget-contact_info elh-el contact_info\" data-id=\"636c1e6c\" data-element_type=\"widget\" data-settings=\"{&quot;design_style&quot;:&quot;style_3&quot;}\" data-widget_type=\"contact_info.default\">\n\t\t\t\t<div class=\"elementor-widget-container\">\n\t\t\t<div class=\"request-one_phone tx-listItems\">\r\n        <span class=\"tx-icon request-one_phone-icon\">\r\n                    <i aria-hidden=\"true\" class=\" flaticon-phone-call-1\"><\/i>            <\/span>\r\n        <div class=\"tx-content\">\r\n        <p><a href=\"tel:(514) 992-8670\">(514) 992-8670<\/a><\/p>        Vous avez des questions ?    <\/div>\r\n<\/div>\t\t<\/div>\n\t\t\t\t<\/div>\n\t\t\t\t\t<\/div>\n\t\t<\/div>\n\t\t\t\t<div class=\"elementor-column elementor-col-50 elementor-inner-column elementor-element elementor-element-764370bc\" data-id=\"764370bc\" data-element_type=\"column\">\n\t\t\t<div class=\"elementor-widget-wrap elementor-element-populated\">\n\t\t\t\t\t\t<div class=\"elementor-element elementor-element-7c757b04 elementor-widget elementor-widget-trakirna_button elh-el trakirna_button\" data-id=\"7c757b04\" data-element_type=\"widget\" data-settings=\"{&quot;design_style&quot;:&quot;style_1&quot;,&quot;button_center_align&quot;:&quot;no&quot;}\" data-widget_type=\"trakirna_button.default\">\n\t\t\t\t<div class=\"elementor-widget-container\">\n\t\t\t<div class=\"btn-wrapper \">\r\n    <a href=\"https:\/\/idslivraisonexpress.com\/nous-joindre\/\"  class=\"theme-btn btn-style-two tx-button\">\r\n        <span class=\"btn-wrap\">\r\n            <span class=\"text-one\">Nous Joindre<\/span>\r\n            <span class=\"text-two\">Nous Joindre<\/span>\r\n        <\/span>\r\n\r\n                                    <i aria-hidden=\"true\" class=\"fas fa-arrow-right\"><\/i>                        <\/a>\r\n<\/div>\t\t<\/div>\n\t\t\t\t<\/div>\n\t\t\t\t\t<\/div>\n\t\t<\/div>\n\t\t\t\t\t<\/div>\n\t\t<\/section>\n\t\t\t\t\t<\/div>\n\t\t<\/div>\n\t\t\t\t\t<\/div>\n\t\t<\/section>\n\t\t\t\t\t<\/div>\n\t\t<\/div>\n\t\t\t\t\t<\/div>\n\t\t<\/section>\n\t\t\t\t\t<\/div>\n\t\t<\/div>\n\t\t\t\t\t<\/div>\n\t\t<\/section>\n\t\t\t\t<section class=\"elementor-section elementor-top-section elementor-element elementor-element-400aff17 elementor-section-full_width elementor-section-height-default elementor-section-height-default\" data-id=\"400aff17\" data-element_type=\"section\">\n\t\t\t\t\t\t<div class=\"elementor-container elementor-column-gap-default\">\n\t\t\t\t\t<div class=\"elementor-column elementor-col-100 elementor-top-column elementor-element elementor-element-2c1c398\" data-id=\"2c1c398\" data-element_type=\"column\">\n\t\t\t<div class=\"elementor-widget-wrap elementor-element-populated\">\n\t\t\t\t\t\t<section class=\"elementor-section elementor-inner-section elementor-element elementor-element-164be1a6 elementor-section-full_width elementor-section-height-default elementor-section-height-default\" data-id=\"164be1a6\" data-element_type=\"section\">\n\t\t\t\t\t\t<div class=\"elementor-container elementor-column-gap-default\">\n\t\t\t\t\t<div class=\"elementor-column elementor-col-100 elementor-inner-column elementor-element elementor-element-e74592a\" data-id=\"e74592a\" data-element_type=\"column\">\n\t\t\t<div class=\"elementor-widget-wrap elementor-element-populated\">\n\t\t\t\t\t\t<div class=\"elementor-element elementor-element-25e9c8b0 elementor-absolute elementor-widget elementor-widget-image\" data-id=\"25e9c8b0\" data-element_type=\"widget\" data-settings=\"{&quot;_position&quot;:&quot;absolute&quot;}\" data-widget_type=\"image.default\">\n\t\t\t\t<div class=\"elementor-widget-container\">\n\t\t\t\t\t\t\t\t\t\t\t\t\t<img decoding=\"async\" width=\"640\" height=\"330\" data-src=\"https:\/\/idslivraisonexpress.com\/wp-content\/uploads\/2023\/09\/request-one_bg-2.webp\" class=\"attachment-large size-large wp-image-406 lazyload\" alt=\"\" data-srcset=\"https:\/\/idslivraisonexpress.com\/wp-content\/uploads\/2023\/09\/request-one_bg-2.webp 888w, https:\/\/idslivraisonexpress.com\/wp-content\/uploads\/2023\/09\/request-one_bg-2-300x155.webp 300w, https:\/\/idslivraisonexpress.com\/wp-content\/uploads\/2023\/09\/request-one_bg-2-768x396.webp 768w, https:\/\/idslivraisonexpress.com\/wp-content\/uploads\/2023\/09\/request-one_bg-2-600x309.webp 600w\" data-sizes=\"(max-width: 640px) 100vw, 640px\" src=\"data:image\/gif;base64,R0lGODlhAQABAAAAACH5BAEKAAEALAAAAAABAAEAAAICTAEAOw==\" style=\"--smush-placeholder-width: 640px; --smush-placeholder-aspect-ratio: 640\/330;\" \/><noscript><img decoding=\"async\" width=\"640\" height=\"330\" src=\"https:\/\/idslivraisonexpress.com\/wp-content\/uploads\/2023\/09\/request-one_bg-2.webp\" class=\"attachment-large size-large wp-image-406\" alt=\"\" srcset=\"https:\/\/idslivraisonexpress.com\/wp-content\/uploads\/2023\/09\/request-one_bg-2.webp 888w, https:\/\/idslivraisonexpress.com\/wp-content\/uploads\/2023\/09\/request-one_bg-2-300x155.webp 300w, https:\/\/idslivraisonexpress.com\/wp-content\/uploads\/2023\/09\/request-one_bg-2-768x396.webp 768w, https:\/\/idslivraisonexpress.com\/wp-content\/uploads\/2023\/09\/request-one_bg-2-600x309.webp 600w\" sizes=\"(max-width: 640px) 100vw, 640px\" \/><\/noscript>\t\t\t\t\t\t\t\t\t\t\t\t\t<\/div>\n\t\t\t\t<\/div>\n\t\t\t\t\t<\/div>\n\t\t<\/div>\n\t\t\t\t\t<\/div>\n\t\t<\/section>\n\t\t\t\t\t<\/div>\n\t\t<\/div>\n\t\t\t\t\t<\/div>\n\t\t<\/section>\n\t\t\t\t<\/div>\n\t\t","protected":false},"excerpt":{"rendered":"<p>\u00c0 Propos de Nous Service de livraison rapide de confiance pour les prescriptions m\u00e9dicales \u00e0 Montr\u00e9al et dans les environs Bienvenue chez IDS Livraison Express, le service de livraison rapide de confiance pour les prescriptions m\u00e9dicales \u00e0 Montr\u00e9al et dans les environs. Avec plus de 15 ans d&rsquo;exp\u00e9rience, nous sommes sp\u00e9cialis\u00e9s dans la livraison rapide, [&hellip;]<\/p>\n","protected":false},"author":1,"featured_media":0,"parent":0,"menu_order":0,"comment_status":"closed","ping_status":"closed","template":"elementor_header_footer","meta":{"footnotes":""},"class_list":["post-3190","page","type-page","status-publish","hentry"],"_links":{"self":[{"href":"https:\/\/idslivraisonexpress.com\/fr\/wp-json\/wp\/v2\/pages\/3190"}],"collection":[{"href":"https:\/\/idslivraisonexpress.com\/fr\/wp-json\/wp\/v2\/pages"}],"about":[{"href":"https:\/\/idslivraisonexpress.com\/fr\/wp-json\/wp\/v2\/types\/page"}],"author":[{"embeddable":true,"href":"https:\/\/idslivraisonexpress.com\/fr\/wp-json\/wp\/v2\/users\/1"}],"replies":[{"embeddable":true,"href":"https:\/\/idslivraisonexpress.com\/fr\/wp-json\/wp\/v2\/comments?post=3190"}],"version-history":[{"count":0,"href":"https:\/\/idslivraisonexpress.com\/fr\/wp-json\/wp\/v2\/pages\/3190\/revisions"}],"wp:attachment":[{"href":"https:\/\/idslivraisonexpress.com\/fr\/wp-json\/wp\/v2\/media?parent=3190"}],"curies":[{"name":"wp","href":"https:\/\/api.w.org\/{rel}","templated":true}]}}